{"id":1297,"date":"2025-10-06T12:22:16","date_gmt":"2025-10-06T10:22:16","guid":{"rendered":"https:\/\/composnet.es\/?page_id=1297"},"modified":"2025-10-07T12:53:09","modified_gmt":"2025-10-07T10:53:09","slug":"cartuchos-y-toner-al-por-mayor-con-la-mejor-calidad-y-precio-del-mercado","status":"publish","type":"page","link":"https:\/\/composnet.es\/","title":{"rendered":"Cartuchos y t\u00f3ner al por mayor con la mejor calidad y precio del mercado"},"content":{"rendered":"\n<p>Suministramos consumibles a distribuidores, empresas y tiendas en toda Espa\u00f1a<\/p>\n\n\n\n<div class=\"wp-block-buttons is-layout-flex wp-block-buttons-is-layout-flex\">\n<div class=\"wp-block-button\"><a class=\"wp-block-button__link wp-element-button\" href=\"mailto:composnet@gmail.com\">Solicita tu presupuesto<\/a><\/div>\n\n\n\n<div class=\"wp-block-button\"><a class=\"wp-block-button__link wp-element-button\" href=\"https:\/\/composnet.es\/?product_cat=cartuchos-para-impresoras-hp\">Ir a la tienda<\/a><\/div>\n\n\n\n<div class=\"wp-block-button\"><a class=\"wp-block-button__link wp-element-button\" href=\"http:\/\/composnet-online.com\">Soy cliente final<\/a><\/div>\n<\/div>\n\n\n\n<figure class=\"wp-block-table\"><table class=\"has-fixed-layout\"><tbody><tr><td><\/td><td><\/td><td><\/td><td><\/td><\/tr><\/tbody><\/table><\/figure>\n\n\n\n<p><\/p>\n\n\n\n<div class=\"wp-block-group is-nowrap is-layout-flex wp-container-core-group-is-layout-6c531013 wp-block-group-is-layout-flex\">\n<figure class=\"wp-block-image size-full\"><img loading=\"lazy\" decoding=\"async\" width=\"300\" height=\"300\" src=\"https:\/\/composnet.es\/wp-content\/uploads\/2025\/10\/CE285A.jpg\" alt=\"\" class=\"wp-image-1311\" srcset=\"https:\/\/composnet.es\/wp-content\/uploads\/2025\/10\/CE285A.jpg 300w, https:\/\/composnet.es\/wp-content\/uploads\/2025\/10\/CE285A-150x150.jpg 150w, https:\/\/composnet.es\/wp-content\/uploads\/2025\/10\/CE285A-100x100.jpg 100w\" sizes=\"auto, (max-width: 300px) 100vw, 300px\" \/><figcaption class=\"wp-element-caption\">T\u00f3ner para impresoras<\/figcaption><\/figure>\n\n\n\n<figure class=\"wp-block-image size-full\"><img loading=\"lazy\" decoding=\"async\" width=\"300\" height=\"300\" src=\"https:\/\/composnet.es\/wp-content\/uploads\/2025\/10\/TAMBOR.jpg\" alt=\"\" class=\"wp-image-1312\" srcset=\"https:\/\/composnet.es\/wp-content\/uploads\/2025\/10\/TAMBOR.jpg 300w, https:\/\/composnet.es\/wp-content\/uploads\/2025\/10\/TAMBOR-150x150.jpg 150w, https:\/\/composnet.es\/wp-content\/uploads\/2025\/10\/TAMBOR-100x100.jpg 100w\" sizes=\"auto, (max-width: 300px) 100vw, 300px\" \/><figcaption class=\"wp-element-caption\">Tambores para impresoras l\u00e1ser<\/figcaption><\/figure>\n\n\n\n<figure class=\"wp-block-image size-full\"><img loading=\"lazy\" decoding=\"async\" width=\"300\" height=\"300\" src=\"https:\/\/composnet.es\/wp-content\/uploads\/2025\/10\/CARTUCHO-HP.jpg\" alt=\"\" class=\"wp-image-1313\" srcset=\"https:\/\/composnet.es\/wp-content\/uploads\/2025\/10\/CARTUCHO-HP.jpg 300w, https:\/\/composnet.es\/wp-content\/uploads\/2025\/10\/CARTUCHO-HP-150x150.jpg 150w, https:\/\/composnet.es\/wp-content\/uploads\/2025\/10\/CARTUCHO-HP-100x100.jpg 100w\" sizes=\"auto, (max-width: 300px) 100vw, 300px\" \/><figcaption class=\"wp-element-caption\">Cartuchos de tinta<\/figcaption><\/figure>\n\n\n\n<figure class=\"wp-block-image size-full\"><img loading=\"lazy\" decoding=\"async\" width=\"300\" height=\"300\" src=\"https:\/\/composnet.es\/wp-content\/uploads\/2025\/10\/CINTA-MATRICIAL-1.jpg\" alt=\"\" class=\"wp-image-1315\" srcset=\"https:\/\/composnet.es\/wp-content\/uploads\/2025\/10\/CINTA-MATRICIAL-1.jpg 300w, https:\/\/composnet.es\/wp-content\/uploads\/2025\/10\/CINTA-MATRICIAL-1-150x150.jpg 150w, https:\/\/composnet.es\/wp-content\/uploads\/2025\/10\/CINTA-MATRICIAL-1-100x100.jpg 100w\" sizes=\"auto, (max-width: 300px) 100vw, 300px\" \/><figcaption class=\"wp-element-caption\">Cinta matricial<\/figcaption><\/figure>\n<\/div>\n\n\n\n<div class=\"wp-block-group is-vertical is-content-justification-center is-layout-flex wp-container-core-group-is-layout-ce155fab wp-block-group-is-layout-flex\">\n<h2 class=\"wp-block-heading\">Tambi\u00e9n disponemos de tarifas especiales para empresas<\/h2>\n<\/div>\n\n\n\n<div class=\"wp-block-cover has-custom-content-position is-position-bottom-center\"><img loading=\"lazy\" decoding=\"async\" width=\"1024\" height=\"683\" class=\"wp-block-cover__image-background wp-image-1327\" alt=\"\" src=\"https:\/\/composnet.es\/wp-content\/uploads\/2025\/10\/furgoneta-reparto-2-1024x683.png\" data-object-fit=\"cover\" srcset=\"https:\/\/composnet.es\/wp-content\/uploads\/2025\/10\/furgoneta-reparto-2-1024x683.png 1024w, https:\/\/composnet.es\/wp-content\/uploads\/2025\/10\/furgoneta-reparto-2-300x200.png 300w, https:\/\/composnet.es\/wp-content\/uploads\/2025\/10\/furgoneta-reparto-2-768x512.png 768w, https:\/\/composnet.es\/wp-content\/uploads\/2025\/10\/furgoneta-reparto-2-416x277.png 416w, https:\/\/composnet.es\/wp-content\/uploads\/2025\/10\/furgoneta-reparto-2.png 1536w\" sizes=\"auto, (max-width: 1024px) 100vw, 1024px\" \/><span aria-hidden=\"true\" class=\"wp-block-cover__background has-background-dim\"><\/span><div class=\"wp-block-cover__inner-container is-layout-flow wp-block-cover-is-layout-flow\">\n<p class=\"has-text-align-center\"><strong><mark style=\"background-color:#00d084\" class=\"has-inline-color\">Servicio en 24 \/ 48 horas<\/mark><\/strong><\/p>\n<\/div><\/div>\n\n\n\n<p><\/p>\n\n\n\n<div class=\"wp-block-media-text is-stacked-on-mobile is-vertically-aligned-center\"><figure class=\"wp-block-media-text__media\"><img loading=\"lazy\" decoding=\"async\" width=\"1200\" height=\"801\" src=\"https:\/\/composnet.es\/wp-content\/uploads\/2025\/10\/cartuchos-de-tinta_pic9266ni0w1920h1080t7m0-3.jpg\" alt=\"\" class=\"wp-image-1342 size-full\"\/><\/figure><div class=\"wp-block-media-text__content\">\n<p class=\"has-large-font-size\"><strong>Si quieres distribuir nuestros productos cont\u00e1ctanos solicitando una tarifa <\/strong><\/p>\n<\/div><\/div>\n","protected":false},"excerpt":{"rendered":"<p>Suministramos consumibles a distribuidores, empresas y tiendas en toda Espa\u00f1a Tambi\u00e9n disponemos de tarifas especiales para empresas Si quieres distribuir nuestros productos cont\u00e1ctanos solicitando una tarifa<\/p>\n","protected":false},"author":1,"featured_media":0,"parent":0,"menu_order":0,"comment_status":"closed","ping_status":"closed","template":"","meta":{"footnotes":""},"class_list":["post-1297","page","type-page","status-publish","hentry"],"_links":{"self":[{"href":"https:\/\/composnet.es\/index.php?rest_route=\/wp\/v2\/pages\/1297","targetHints":{"allow":["GET"]}}],"collection":[{"href":"https:\/\/composnet.es\/index.php?rest_route=\/wp\/v2\/pages"}],"about":[{"href":"https:\/\/composnet.es\/index.php?rest_route=\/wp\/v2\/types\/page"}],"author":[{"embeddable":true,"href":"https:\/\/composnet.es\/index.php?rest_route=\/wp\/v2\/users\/1"}],"replies":[{"embeddable":true,"href":"https:\/\/composnet.es\/index.php?rest_route=%2Fwp%2Fv2%2Fcomments&post=1297"}],"version-history":[{"count":26,"href":"https:\/\/composnet.es\/index.php?rest_route=\/wp\/v2\/pages\/1297\/revisions"}],"predecessor-version":[{"id":1351,"href":"https:\/\/composnet.es\/index.php?rest_route=\/wp\/v2\/pages\/1297\/revisions\/1351"}],"wp:attachment":[{"href":"https:\/\/composnet.es\/index.php?rest_route=%2Fwp%2Fv2%2Fmedia&parent=1297"}],"curies":[{"name":"wp","href":"https:\/\/api.w.org\/{rel}","templated":true}]}}